{"id":8,"date":"2020-04-01T11:33:06","date_gmt":"2020-04-01T11:33:06","guid":{"rendered":"https:\/\/malunas.raubonys.lt\/?page_id=8"},"modified":"2024-12-03T08:54:10","modified_gmt":"2024-12-03T06:54:10","slug":"naujienos","status":"publish","type":"page","link":"https:\/\/malunas.raubonys.lt\/en\/naujienos\/","title":{"rendered":"News"},"content":{"rendered":"<div data-elementor-type=\"wp-page\" data-elementor-id=\"8\" class=\"elementor elementor-8\">\n\t\t\t\t\t\t<section class=\"elementor-section elementor-top-section elementor-element elementor-element-135fa9e elementor-section-boxed elementor-section-height-default elementor-section-height-default sc_fly_static\" data-id=\"135fa9e\" data-element_type=\"section\">\n\t\t\t\t\t\t<div class=\"elementor-container elementor-column-gap-extended\">\n\t\t\t\t\t<div class=\"elementor-column elementor-col-100 elementor-top-column elementor-element elementor-element-f30b0e1 sc_content_align_inherit sc_layouts_column_icons_position_left sc_fly_static\" data-id=\"f30b0e1\" data-element_type=\"column\">\n\t\t\t<div class=\"elementor-widget-wrap elementor-element-populated\">\n\t\t\t\t\t\t<div class=\"elementor-element elementor-element-a6aad38 sc_fly_static elementor-widget elementor-widget-shortcode\" data-id=\"a6aad38\" data-element_type=\"widget\" data-widget_type=\"shortcode.default\">\n\t\t\t\t<div class=\"elementor-widget-container\">\n\t\t\t\t\t\t\t<div class=\"elementor-shortcode\">\n            <div \n                class=\"elfsight-widget-facebook-feed elfsight-widget\" \n                data-elfsight-facebook-feed-options=\"%7B%22tokenType%22%3A%22page%22%2C%22userAccessToken%22%3A%22%22%2C%22userAccessTokenPagesScope%22%3A%22EAADQZAoJZBZBH0BOx8A3Ke0o1gE0eIrTQRsFe5CZAV17D7uPIZBvvZCvinD9PeiSEEksvOLZCL1qicqUdGZAGmLeXFEpdgk4ALroojeCQz4wCGK0ZCmNLtslQAkbjOMOGyAd0fLubUYR9dFwfNH4zPF7u4DfsB275BjvKhrde1c2HDFCnPdIahCMmHkyZAAreEgSBZAy9qkyJHF1S0cQZBxjt2jsTQza6kccjkMVANtOYazvkSL3pN9hZBEFJ9OknBOFpGUqhiQZDZD%22%2C%22source%22%3A%22https%3A%5C%2F%5C%2Fwww.facebook.com%5C%2Felfsight%22%2C%22page%22%3A%7B%22name%22%3A%22Rauboni%5Cu0173%20vandens%20mal%5Cu016bnas%2C%20viln%5Cu0173%20kar%5Cu0161ykla%22%2C%22value%22%3A%22572510212915159%22%2C%22link%22%3A%22https%3A%5C%2F%5C%2Fwww.facebook.com%5C%2F572510212915159%22%2C%22picture%22%3A%7B%22data%22%3A%7B%22height%22%3A50%2C%22is_silhouette%22%3Afalse%2C%22url%22%3A%22https%3A%5C%2F%5C%2Fscontent.fplq1-2.fna.fbcdn.net%5C%2Fv%5C%2Ft39.30808-1%5C%2F301020777_500776245386092_2673750892956031982_n.jpg%3Fstp%3Dc256.0.768.768a_cp0_dst-jpg_s50x50%26_nc_cat%3D107%26ccb%3D1-7%26_nc_sid%3D6738e8%26_nc_ohc%3DxmR3bVZvD1MQ7kNvgHv7ep1%26_nc_zt%3D24%26_nc_ht%3Dscontent.fplq1-2.fna%26edm%3DAGaHXAAEAAAA%26_nc_gid%3DAbz2SRR246EQBNysHrtY-Lp%26oh%3D00_AYDBtUN6SqL-m_LK9SfsiwTWtPdby03dt1STL5wbrAyMhg%26oe%3D67546855%22%2C%22width%22%3A50%7D%7D%7D%2C%22pageAccessToken%22%3A%22EAADQZAoJZBZBH0BO4o1mIYbiAWg2TzGhZA1ELpqv3z9G7ZBg6ZCZAXFsPOquZBNNKcQZC5Ik9GGuA4756YLzxyrPPQiSK24z5bMwU55WFbufEfDmr3RpwY16yNIF8o7YO71ZCrrLUQqsucfEPHfPKaaOjkqj3ymRhxR3syjBuJRWbZCi8B63wj1qDJHXEAhGclmSh1cYmR1eFTpDKoDM4v8%22%2C%22width%22%3A%22AUTO%22%2C%22height%22%3A%22AUTO%22%2C%22contentDivider%22%3Anull%2C%22headerVisible%22%3Atrue%2C%22headerParts%22%3A%5B%22cover%22%2C%22actions%22%2C%22picture%22%2C%22likesCount%22%5D%2C%22headerActions%22%3A%5B%7B%22type%22%3A%22like%22%7D%2C%7B%22type%22%3A%22share%22%7D%5D%2C%22menuVisible%22%3Atrue%2C%22contentPostsVisible%22%3Atrue%2C%22contentPostsParts%22%3A%5B%22author%22%2C%22likesCount%22%2C%22commentsCount%22%2C%22sharesCount%22%2C%22shareButton%22%5D%2C%22contentPostsLimit%22%3A0%2C%22contentPhotosVisible%22%3Atrue%2C%22contentAlbumsVisible%22%3Atrue%2C%22contentVideosVisible%22%3Afalse%2C%22contentVideosParts%22%3A%5B%22description%22%2C%22likesCount%22%2C%22commentsCount%22%5D%2C%22contentEventsVisible%22%3Afalse%2C%22contentPopupParts%22%3A%5B%22author%22%2C%22likesCount%22%2C%22shareButton%22%2C%22comments%22%5D%2C%22lang%22%3A%22lt%22%2C%22cacheTime%22%3A%223600%22%2C%22apiUrl%22%3A%22https%3A%5C%2F%5C%2Fmalunas.raubonys.lt%5C%2Fen%5C%2Fwp-json%5C%2Felfsight-facebook-feed%5C%2Fapi%22%2C%22widgetId%22%3A%221%22%7D\" \n                data-elfsight-facebook-feed-version=\"1.15.0\"\n                data-elfsight-widget-id=\"elfsight-facebook-feed-1\">\n            <\/div>\n            <\/div>\n\t\t\t\t\t\t<\/div>\n\t\t\t\t<\/div>\n\t\t\t\t\t<\/div>\n\t\t<\/div>\n\t\t\t\t\t<\/div>\n\t\t<\/section>\n\t\t\t\t<\/div>","protected":false},"excerpt":{"rendered":"","protected":false},"author":1,"featured_media":0,"parent":0,"menu_order":0,"comment_status":"closed","ping_status":"closed","template":"","meta":{"footnotes":""},"class_list":["post-8","page","type-page","status-publish","hentry"],"yoast_head":"<!-- This site is optimized with the Yoast SEO plugin v25.3 - https:\/\/yoast.com\/wordpress\/plugins\/seo\/ -->\n<title>Naujienos - Rauboni\u0173 mal\u016bnas<\/title>\n<meta name=\"robots\" content=\"index, follow, max-snippet:-1, max-image-preview:large, max-video-preview:-1\" \/>\n<link rel=\"canonical\" href=\"https:\/\/malunas.raubonys.lt\/en\/naujienos\/\" \/>\n<meta property=\"og:locale\" content=\"en_US\" \/>\n<meta property=\"og:type\" content=\"article\" \/>\n<meta property=\"og:title\" content=\"Naujienos - Rauboni\u0173 mal\u016bnas\" \/>\n<meta property=\"og:url\" content=\"https:\/\/malunas.raubonys.lt\/en\/naujienos\/\" \/>\n<meta property=\"og:site_name\" content=\"Rauboni\u0173 mal\u016bnas\" \/>\n<meta property=\"article:publisher\" content=\"https:\/\/www.facebook.com\/profile.php?id=100063611616479\" \/>\n<meta property=\"article:modified_time\" content=\"2024-12-03T06:54:10+00:00\" \/>\n<meta property=\"og:image\" content=\"https:\/\/malunas.raubonys.lt\/wp-content\/uploads\/2023\/09\/DJI_0289-HDR-Edit-1sumazinta-kokybe.jpg\" \/>\n\t<meta property=\"og:image:width\" content=\"2160\" \/>\n\t<meta property=\"og:image:height\" content=\"1439\" \/>\n\t<meta property=\"og:image:type\" content=\"image\/jpeg\" \/>\n<meta name=\"twitter:card\" content=\"summary_large_image\" \/>\n<script type=\"application\/ld+json\" class=\"yoast-schema-graph\">{\"@context\":\"https:\/\/schema.org\",\"@graph\":[{\"@type\":\"WebPage\",\"@id\":\"https:\/\/malunas.raubonys.lt\/naujienos\/\",\"url\":\"https:\/\/malunas.raubonys.lt\/naujienos\/\",\"name\":\"Naujienos - Rauboni\u0173 mal\u016bnas\",\"isPartOf\":{\"@id\":\"https:\/\/malunas.raubonys.lt\/#website\"},\"datePublished\":\"2020-04-01T11:33:06+00:00\",\"dateModified\":\"2024-12-03T06:54:10+00:00\",\"breadcrumb\":{\"@id\":\"https:\/\/malunas.raubonys.lt\/naujienos\/#breadcrumb\"},\"inLanguage\":\"en-US\",\"potentialAction\":[{\"@type\":\"ReadAction\",\"target\":[\"https:\/\/malunas.raubonys.lt\/naujienos\/\"]}]},{\"@type\":\"BreadcrumbList\",\"@id\":\"https:\/\/malunas.raubonys.lt\/naujienos\/#breadcrumb\",\"itemListElement\":[{\"@type\":\"ListItem\",\"position\":1,\"name\":\"Prad\u017eia\",\"item\":\"https:\/\/malunas.raubonys.lt\/\"},{\"@type\":\"ListItem\",\"position\":2,\"name\":\"Naujienos\"}]},{\"@type\":\"WebSite\",\"@id\":\"https:\/\/malunas.raubonys.lt\/#website\",\"url\":\"https:\/\/malunas.raubonys.lt\/\",\"name\":\"Rauboni\u0173 mal\u016bnas\",\"description\":\"Rauboni\u0173 vandens mal\u016bnas, viln\u0173 kar\u0161ykla-verpykla\",\"publisher\":{\"@id\":\"https:\/\/malunas.raubonys.lt\/#organization\"},\"alternateName\":\"Rauboni\u0173 vandens mal\u016bnas, viln\u0173 kar\u0161ykla-verpykla\",\"potentialAction\":[{\"@type\":\"SearchAction\",\"target\":{\"@type\":\"EntryPoint\",\"urlTemplate\":\"https:\/\/malunas.raubonys.lt\/?s={search_term_string}\"},\"query-input\":{\"@type\":\"PropertyValueSpecification\",\"valueRequired\":true,\"valueName\":\"search_term_string\"}}],\"inLanguage\":\"en-US\"},{\"@type\":\"Organization\",\"@id\":\"https:\/\/malunas.raubonys.lt\/#organization\",\"name\":\"Rauboni\u0173 mal\u016bnas\",\"url\":\"https:\/\/malunas.raubonys.lt\/\",\"logo\":{\"@type\":\"ImageObject\",\"inLanguage\":\"en-US\",\"@id\":\"https:\/\/malunas.raubonys.lt\/#\/schema\/logo\/image\/\",\"url\":\"https:\/\/malunas.raubonys.lt\/wp-content\/uploads\/2023\/10\/Rauboniu-malunas-trafaretas.png\",\"contentUrl\":\"https:\/\/malunas.raubonys.lt\/wp-content\/uploads\/2023\/10\/Rauboniu-malunas-trafaretas.png\",\"width\":601,\"height\":841,\"caption\":\"Rauboni\u0173 mal\u016bnas\"},\"image\":{\"@id\":\"https:\/\/malunas.raubonys.lt\/#\/schema\/logo\/image\/\"},\"sameAs\":[\"https:\/\/www.facebook.com\/profile.php?id=100063611616479\"]}]}<\/script>\n<!-- \/ Yoast SEO plugin. -->","yoast_head_json":{"title":"Naujienos - Rauboni\u0173 mal\u016bnas","robots":{"index":"index","follow":"follow","max-snippet":"max-snippet:-1","max-image-preview":"max-image-preview:large","max-video-preview":"max-video-preview:-1"},"canonical":"https:\/\/malunas.raubonys.lt\/en\/naujienos\/","og_locale":"en_US","og_type":"article","og_title":"Naujienos - Rauboni\u0173 mal\u016bnas","og_url":"https:\/\/malunas.raubonys.lt\/en\/naujienos\/","og_site_name":"Rauboni\u0173 mal\u016bnas","article_publisher":"https:\/\/www.facebook.com\/profile.php?id=100063611616479","article_modified_time":"2024-12-03T06:54:10+00:00","og_image":[{"width":2160,"height":1439,"url":"https:\/\/malunas.raubonys.lt\/wp-content\/uploads\/2023\/09\/DJI_0289-HDR-Edit-1sumazinta-kokybe.jpg","type":"image\/jpeg"}],"twitter_card":"summary_large_image","schema":{"@context":"https:\/\/schema.org","@graph":[{"@type":"WebPage","@id":"https:\/\/malunas.raubonys.lt\/naujienos\/","url":"https:\/\/malunas.raubonys.lt\/naujienos\/","name":"Naujienos - Rauboni\u0173 mal\u016bnas","isPartOf":{"@id":"https:\/\/malunas.raubonys.lt\/#website"},"datePublished":"2020-04-01T11:33:06+00:00","dateModified":"2024-12-03T06:54:10+00:00","breadcrumb":{"@id":"https:\/\/malunas.raubonys.lt\/naujienos\/#breadcrumb"},"inLanguage":"en-US","potentialAction":[{"@type":"ReadAction","target":["https:\/\/malunas.raubonys.lt\/naujienos\/"]}]},{"@type":"BreadcrumbList","@id":"https:\/\/malunas.raubonys.lt\/naujienos\/#breadcrumb","itemListElement":[{"@type":"ListItem","position":1,"name":"Prad\u017eia","item":"https:\/\/malunas.raubonys.lt\/"},{"@type":"ListItem","position":2,"name":"Naujienos"}]},{"@type":"WebSite","@id":"https:\/\/malunas.raubonys.lt\/#website","url":"https:\/\/malunas.raubonys.lt\/","name":"Rauboni\u0173 mal\u016bnas","description":"Rauboni\u0173 vandens mal\u016bnas, viln\u0173 kar\u0161ykla-verpykla","publisher":{"@id":"https:\/\/malunas.raubonys.lt\/#organization"},"alternateName":"Rauboni\u0173 vandens mal\u016bnas, viln\u0173 kar\u0161ykla-verpykla","potentialAction":[{"@type":"SearchAction","target":{"@type":"EntryPoint","urlTemplate":"https:\/\/malunas.raubonys.lt\/?s={search_term_string}"},"query-input":{"@type":"PropertyValueSpecification","valueRequired":true,"valueName":"search_term_string"}}],"inLanguage":"en-US"},{"@type":"Organization","@id":"https:\/\/malunas.raubonys.lt\/#organization","name":"Rauboni\u0173 mal\u016bnas","url":"https:\/\/malunas.raubonys.lt\/","logo":{"@type":"ImageObject","inLanguage":"en-US","@id":"https:\/\/malunas.raubonys.lt\/#\/schema\/logo\/image\/","url":"https:\/\/malunas.raubonys.lt\/wp-content\/uploads\/2023\/10\/Rauboniu-malunas-trafaretas.png","contentUrl":"https:\/\/malunas.raubonys.lt\/wp-content\/uploads\/2023\/10\/Rauboniu-malunas-trafaretas.png","width":601,"height":841,"caption":"Rauboni\u0173 mal\u016bnas"},"image":{"@id":"https:\/\/malunas.raubonys.lt\/#\/schema\/logo\/image\/"},"sameAs":["https:\/\/www.facebook.com\/profile.php?id=100063611616479"]}]}},"_links":{"self":[{"href":"https:\/\/malunas.raubonys.lt\/en\/wp-json\/wp\/v2\/pages\/8","targetHints":{"allow":["GET"]}}],"collection":[{"href":"https:\/\/malunas.raubonys.lt\/en\/wp-json\/wp\/v2\/pages"}],"about":[{"href":"https:\/\/malunas.raubonys.lt\/en\/wp-json\/wp\/v2\/types\/page"}],"author":[{"embeddable":true,"href":"https:\/\/malunas.raubonys.lt\/en\/wp-json\/wp\/v2\/users\/1"}],"replies":[{"embeddable":true,"href":"https:\/\/malunas.raubonys.lt\/en\/wp-json\/wp\/v2\/comments?post=8"}],"version-history":[{"count":5,"href":"https:\/\/malunas.raubonys.lt\/en\/wp-json\/wp\/v2\/pages\/8\/revisions"}],"predecessor-version":[{"id":21021,"href":"https:\/\/malunas.raubonys.lt\/en\/wp-json\/wp\/v2\/pages\/8\/revisions\/21021"}],"wp:attachment":[{"href":"https:\/\/malunas.raubonys.lt\/en\/wp-json\/wp\/v2\/media?parent=8"}],"curies":[{"name":"wp","href":"https:\/\/api.w.org\/{rel}","templated":true}]}}