{"id":21005,"date":"2024-10-30T11:29:36","date_gmt":"2024-10-30T09:29:36","guid":{"rendered":"https:\/\/malunas.raubonys.lt\/?page_id=21005"},"modified":"2024-10-30T11:33:21","modified_gmt":"2024-10-30T09:33:21","slug":"mediateka","status":"publish","type":"page","link":"https:\/\/malunas.raubonys.lt\/en\/mediateka\/","title":{"rendered":"Mediateka"},"content":{"rendered":"<div data-elementor-type=\"wp-page\" data-elementor-id=\"21005\" class=\"elementor elementor-21005\">\n\t\t\t\t\t\t<section class=\"elementor-section elementor-top-section elementor-element elementor-element-33d88a0 elementor-section-boxed elementor-section-height-default elementor-section-height-default sc_fly_static\" data-id=\"33d88a0\" data-element_type=\"section\">\n\t\t\t\t\t\t<div class=\"elementor-container elementor-column-gap-extended\">\n\t\t\t\t\t<div class=\"elementor-column elementor-col-100 elementor-top-column elementor-element elementor-element-c3beb84 sc_content_align_inherit sc_layouts_column_icons_position_left sc_fly_static\" data-id=\"c3beb84\" data-element_type=\"column\">\n\t\t\t<div class=\"elementor-widget-wrap elementor-element-populated\">\n\t\t\t\t\t\t<div class=\"elementor-element elementor-element-c709d33 sc_height_huge sc_fly_static elementor-widget elementor-widget-spacer\" data-id=\"c709d33\" data-element_type=\"widget\" data-widget_type=\"spacer.default\">\n\t\t\t\t<div class=\"elementor-widget-container\">\n\t\t\t\t\t\t\t<div class=\"elementor-spacer\">\n\t\t\t<div class=\"elementor-spacer-inner\"><\/div>\n\t\t<\/div>\n\t\t\t\t\t\t<\/div>\n\t\t\t\t<\/div>\n\t\t\t\t\t<\/div>\n\t\t<\/div>\n\t\t\t\t\t<\/div>\n\t\t<\/section>\n\t\t\t\t<section class=\"elementor-section elementor-top-section elementor-element elementor-element-87db3d2 elementor-section-boxed elementor-section-height-default elementor-section-height-default sc_fly_static\" data-id=\"87db3d2\" data-element_type=\"section\">\n\t\t\t\t\t\t<div class=\"elementor-container elementor-column-gap-extended\">\n\t\t\t\t\t<div class=\"elementor-column elementor-col-100 elementor-top-column elementor-element elementor-element-00f2180 sc_content_align_inherit sc_layouts_column_icons_position_left sc_fly_static\" data-id=\"00f2180\" data-element_type=\"column\">\n\t\t\t<div class=\"elementor-widget-wrap elementor-element-populated\">\n\t\t\t\t\t\t<div class=\"elementor-element elementor-element-c12efd0 sc_fly_static elementor-widget elementor-widget-xel-image-accordion\" data-id=\"c12efd0\" data-element_type=\"widget\" data-widget_type=\"xel-image-accordion.default\">\n\t\t\t\t<div class=\"elementor-widget-container\">\n\t\t\t\t\t\t\t<div id=\"xel-c12efd0\" class=\"xel-image-accordion\">\r\n\t\t\t\t\t\t\t\t<div class=\"xel-image-accordion--content-parent elementor-repeater-item-7b5b11c\">\r\n\t\t\t\t\t\t\t\t\t\t\t\t\t<a href=\"https:\/\/www.lrt.lt\/mediateka\/irasas\/2000331326\/atrask-lietuva-antanines-garsina-salociu-miesteli-pasvalio-krasta-rauboniu-vandens-malunas\">\r\n\t\t\t\t\t\t\t\t\t\t\t\t\t\t<div class=\"xel-image-accordion--content\">\r\n\t\t\t\t\t\t\t\t<div class=\"xel-image-accordion--content-holder\">\r\n\t\t\t\t\t\t\t\t\t<div>\r\n\t\t\t\t\t\t\t\t\t\t<h2 class=\"xel-image-accordion--title\">\r\n\t\t\t\t\t\t\t\t\t\t\t\t\t\t\t\t\t\t\t\t\t<\/h2>\r\n\t\t\t\t\t\t\t\t\t\t<div class=\"xel-image-accordion--text-content\">\r\n\t\t\t\t\t\t\t\t\t\t\t\t\t\t\t\t\t\t\t\t\t<\/div>\r\n\t\t\t\t\t\t\t\t\t<\/div>\r\n\t\t\t\t\t\t\t\t<\/div>\r\n\t\t\t\t\t\t\t<\/div>\r\n\t\t\t\t\t\t\t\t\t\t\t\t\t\t<\/a>\r\n\t\t\t\t\t\t\t\t\t\t\t<\/div>\r\n\t\t\t\t\t<\/div>\r\n\t\t\t\t<\/div>\n\t\t\t\t<\/div>\n\t\t\t\t\t<\/div>\n\t\t<\/div>\n\t\t\t\t\t<\/div>\n\t\t<\/section>\n\t\t\t\t<section class=\"elementor-section elementor-top-section elementor-element elementor-element-7241299 elementor-section-boxed elementor-section-height-default elementor-section-height-default sc_fly_static\" data-id=\"7241299\" data-element_type=\"section\">\n\t\t\t\t\t\t<div class=\"elementor-container elementor-column-gap-extended\">\n\t\t\t\t\t<div class=\"elementor-column elementor-col-100 elementor-top-column elementor-element elementor-element-c6f9f1c sc_content_align_inherit sc_layouts_column_icons_position_left sc_fly_static\" data-id=\"c6f9f1c\" data-element_type=\"column\">\n\t\t\t<div class=\"elementor-widget-wrap elementor-element-populated\">\n\t\t\t\t\t\t<div class=\"elementor-element elementor-element-8cc787c sc_height_huge sc_fly_static elementor-widget elementor-widget-spacer\" data-id=\"8cc787c\" data-element_type=\"widget\" data-widget_type=\"spacer.default\">\n\t\t\t\t<div class=\"elementor-widget-container\">\n\t\t\t\t\t\t\t<div class=\"elementor-spacer\">\n\t\t\t<div class=\"elementor-spacer-inner\"><\/div>\n\t\t<\/div>\n\t\t\t\t\t\t<\/div>\n\t\t\t\t<\/div>\n\t\t\t\t<div class=\"elementor-element elementor-element-6020abe sc_layouts_hide_on_notebook sc_layouts_hide_on_tablet sc_layouts_hide_on_mobile sc_fly_static elementor-widget elementor-widget-spacer\" data-id=\"6020abe\" data-element_type=\"widget\" data-widget_type=\"spacer.default\">\n\t\t\t\t<div class=\"elementor-widget-container\">\n\t\t\t\t\t\t\t<div class=\"elementor-spacer\">\n\t\t\t<div class=\"elementor-spacer-inner\"><\/div>\n\t\t<\/div>\n\t\t\t\t\t\t<\/div>\n\t\t\t\t<\/div>\n\t\t\t\t\t<\/div>\n\t\t<\/div>\n\t\t\t\t\t<\/div>\n\t\t<\/section>\n\t\t\t\t<section class=\"elementor-section elementor-top-section elementor-element elementor-element-6ebc5642 scheme_dark elementor-section-stretched elementor-section-boxed elementor-section-height-default elementor-section-height-default sc_fly_static\" data-id=\"6ebc5642\" data-element_type=\"section\" data-settings=\"{&quot;background_background&quot;:&quot;classic&quot;,&quot;stretch_section&quot;:&quot;section-stretched&quot;}\">\n\t\t\t\t\t\t\t<div class=\"elementor-background-overlay\"><\/div>\n\t\t\t\t\t\t\t<div class=\"elementor-container elementor-column-gap-default\">\n\t\t\t\t\t<div class=\"elementor-column elementor-col-50 elementor-top-column elementor-element elementor-element-7db834fc sc_content_align_inherit sc_layouts_column_icons_position_left sc_fly_static\" data-id=\"7db834fc\" data-element_type=\"column\">\n\t\t\t<div class=\"elementor-widget-wrap elementor-element-populated\">\n\t\t\t\t\t\t<div class=\"elementor-element elementor-element-107610c9 sc_layouts_hide_on_notebook sc_layouts_hide_on_tablet sc_layouts_hide_on_mobile sc_fly_static elementor-widget elementor-widget-spacer\" data-id=\"107610c9\" data-element_type=\"widget\" data-widget_type=\"spacer.default\">\n\t\t\t\t<div class=\"elementor-widget-container\">\n\t\t\t\t\t\t\t<div class=\"elementor-spacer\">\n\t\t\t<div class=\"elementor-spacer-inner\"><\/div>\n\t\t<\/div>\n\t\t\t\t\t\t<\/div>\n\t\t\t\t<\/div>\n\t\t\t\t<div class=\"elementor-element elementor-element-43cf9e85 sc_height_huge sc_fly_static elementor-widget elementor-widget-spacer\" data-id=\"43cf9e85\" data-element_type=\"widget\" data-widget_type=\"spacer.default\">\n\t\t\t\t<div class=\"elementor-widget-container\">\n\t\t\t\t\t\t\t<div class=\"elementor-spacer\">\n\t\t\t<div class=\"elementor-spacer-inner\"><\/div>\n\t\t<\/div>\n\t\t\t\t\t\t<\/div>\n\t\t\t\t<\/div>\n\t\t\t\t<div class=\"elementor-element elementor-element-6dfa2d80 sc_fly_static elementor-widget elementor-widget-trx_sc_title\" data-id=\"6dfa2d80\" data-element_type=\"widget\" data-widget_type=\"trx_sc_title.default\">\n\t\t\t\t<div class=\"elementor-widget-container\">\n\t\t\t\t\t<div\t\tclass=\"sc_title sc_title_default\" ><h1 class=\"sc_item_title sc_title_title sc_align_center sc_item_title_style_default sc_item_title_tag\"\n\t\t\t><span class=\"sc_item_title_text\">Praeitis \u2013 atei\u010diai...<\/span><\/h1><\/div>\t\t\t\t<\/div>\n\t\t\t\t<\/div>\n\t\t\t\t<div class=\"elementor-element elementor-element-5d5e3e0a sc_height_huge sc_layouts_hide_on_mobile sc_fly_static elementor-widget elementor-widget-spacer\" data-id=\"5d5e3e0a\" data-element_type=\"widget\" data-widget_type=\"spacer.default\">\n\t\t\t\t<div class=\"elementor-widget-container\">\n\t\t\t\t\t\t\t<div class=\"elementor-spacer\">\n\t\t\t<div class=\"elementor-spacer-inner\"><\/div>\n\t\t<\/div>\n\t\t\t\t\t\t<\/div>\n\t\t\t\t<\/div>\n\t\t\t\t<div class=\"elementor-element elementor-element-64532765 sc_layouts_hide_on_mobile sc_layouts_hide_on_notebook sc_layouts_hide_on_tablet sc_fly_static elementor-widget elementor-widget-spacer\" data-id=\"64532765\" data-element_type=\"widget\" data-widget_type=\"spacer.default\">\n\t\t\t\t<div class=\"elementor-widget-container\">\n\t\t\t\t\t\t\t<div class=\"elementor-spacer\">\n\t\t\t<div class=\"elementor-spacer-inner\"><\/div>\n\t\t<\/div>\n\t\t\t\t\t\t<\/div>\n\t\t\t\t<\/div>\n\t\t\t\t\t<\/div>\n\t\t<\/div>\n\t\t\t\t<div class=\"elementor-column elementor-col-50 elementor-top-column elementor-element elementor-element-1228e19c sc_layouts_column_align_left sc_layouts_column sc-mobile_layouts_column_align_left sc_layouts_column sc_content_align_inherit sc_layouts_column_icons_position_left sc_fly_static\" data-id=\"1228e19c\" data-element_type=\"column\">\n\t\t\t<div class=\"elementor-widget-wrap elementor-element-populated\">\n\t\t\t\t\t\t<div class=\"elementor-element elementor-element-eeb5f61 sc_layouts_hide_on_notebook sc_layouts_hide_on_tablet sc_layouts_hide_on_mobile sc_fly_static elementor-widget elementor-widget-spacer\" data-id=\"eeb5f61\" data-element_type=\"widget\" data-widget_type=\"spacer.default\">\n\t\t\t\t<div class=\"elementor-widget-container\">\n\t\t\t\t\t\t\t<div class=\"elementor-spacer\">\n\t\t\t<div class=\"elementor-spacer-inner\"><\/div>\n\t\t<\/div>\n\t\t\t\t\t\t<\/div>\n\t\t\t\t<\/div>\n\t\t\t\t<div class=\"elementor-element elementor-element-50342d42 sc_height_huge sc_layouts_hide_on_mobile sc_fly_static elementor-widget elementor-widget-spacer\" data-id=\"50342d42\" data-element_type=\"widget\" data-widget_type=\"spacer.default\">\n\t\t\t\t<div class=\"elementor-widget-container\">\n\t\t\t\t\t\t\t<div class=\"elementor-spacer\">\n\t\t\t<div class=\"elementor-spacer-inner\"><\/div>\n\t\t<\/div>\n\t\t\t\t\t\t<\/div>\n\t\t\t\t<\/div>\n\t\t\t\t<div class=\"elementor-element elementor-element-1d39b65 sc_fly_static elementor-widget elementor-widget-trx_sc_button\" data-id=\"1d39b65\" data-element_type=\"widget\" data-widget_type=\"trx_sc_button.default\">\n\t\t\t\t<div class=\"elementor-widget-container\">\n\t\t\t\t\t<div\tclass=\"sc_item_button sc_button_wrap sc_align_right\" ><a href=\"https:\/\/malunas.raubonys.lt\/en\/kontaktai\/\" class=\"sc_button sc_button_hover sc_button_size_normal sc_button_with_icon sc_button_icon_right\" ><span class=\"sc_button_icon\"><span class=\"icon-right-big\"><\/span><\/span><span class=\"sc_button_text\"><span class=\"sc_button_title\">Contact<\/span><\/span><\/a><\/div>\t\t\t\t<\/div>\n\t\t\t\t<\/div>\n\t\t\t\t<div class=\"elementor-element elementor-element-7398fab8 sc_height_huge sc_fly_static elementor-widget elementor-widget-spacer\" data-id=\"7398fab8\" data-element_type=\"widget\" data-widget_type=\"spacer.default\">\n\t\t\t\t<div class=\"elementor-widget-container\">\n\t\t\t\t\t\t\t<div class=\"elementor-spacer\">\n\t\t\t<div class=\"elementor-spacer-inner\"><\/div>\n\t\t<\/div>\n\t\t\t\t\t\t<\/div>\n\t\t\t\t<\/div>\n\t\t\t\t\t<\/div>\n\t\t<\/div>\n\t\t\t\t\t<\/div>\n\t\t<\/section>\n\t\t\t\t<\/div>","protected":false},"excerpt":{"rendered":"<p>Praeitis \u2013 atei\u010diai&#8230; Kontaktai<\/p>","protected":false},"author":1,"featured_media":0,"parent":0,"menu_order":0,"comment_status":"closed","ping_status":"closed","template":"","meta":{"footnotes":""},"class_list":["post-21005","page","type-page","status-publish","hentry"],"yoast_head":"<!-- This site is optimized with the Yoast SEO plugin v25.3 - https:\/\/yoast.com\/wordpress\/plugins\/seo\/ -->\n<title>Mediateka - Rauboni\u0173 mal\u016bnas<\/title>\n<meta name=\"robots\" content=\"index, follow, max-snippet:-1, max-image-preview:large, max-video-preview:-1\" \/>\n<link rel=\"canonical\" href=\"https:\/\/malunas.raubonys.lt\/en\/mediateka\/\" \/>\n<meta property=\"og:locale\" content=\"en_US\" \/>\n<meta property=\"og:type\" content=\"article\" \/>\n<meta property=\"og:title\" content=\"Mediateka - Rauboni\u0173 mal\u016bnas\" \/>\n<meta property=\"og:description\" content=\"Praeitis \u2013 atei\u010diai&#8230; Kontaktai\" \/>\n<meta property=\"og:url\" content=\"https:\/\/malunas.raubonys.lt\/en\/mediateka\/\" \/>\n<meta property=\"og:site_name\" content=\"Rauboni\u0173 mal\u016bnas\" \/>\n<meta property=\"article:publisher\" content=\"https:\/\/www.facebook.com\/profile.php?id=100063611616479\" \/>\n<meta property=\"article:modified_time\" content=\"2024-10-30T09:33:21+00:00\" \/>\n<meta property=\"og:image\" content=\"https:\/\/malunas.raubonys.lt\/wp-content\/uploads\/2023\/09\/DJI_0289-HDR-Edit-1sumazinta-kokybe.jpg\" \/>\n\t<meta property=\"og:image:width\" content=\"2160\" \/>\n\t<meta property=\"og:image:height\" content=\"1439\" \/>\n\t<meta property=\"og:image:type\" content=\"image\/jpeg\" \/>\n<meta name=\"twitter:card\" content=\"summary_large_image\" \/>\n<meta name=\"twitter:label1\" content=\"Est. reading time\" \/>\n\t<meta name=\"twitter:data1\" content=\"1 minute\" \/>\n<script type=\"application\/ld+json\" class=\"yoast-schema-graph\">{\"@context\":\"https:\/\/schema.org\",\"@graph\":[{\"@type\":\"WebPage\",\"@id\":\"https:\/\/malunas.raubonys.lt\/mediateka\/\",\"url\":\"https:\/\/malunas.raubonys.lt\/mediateka\/\",\"name\":\"Mediateka - Rauboni\u0173 mal\u016bnas\",\"isPartOf\":{\"@id\":\"https:\/\/malunas.raubonys.lt\/#website\"},\"datePublished\":\"2024-10-30T09:29:36+00:00\",\"dateModified\":\"2024-10-30T09:33:21+00:00\",\"breadcrumb\":{\"@id\":\"https:\/\/malunas.raubonys.lt\/mediateka\/#breadcrumb\"},\"inLanguage\":\"en-US\",\"potentialAction\":[{\"@type\":\"ReadAction\",\"target\":[\"https:\/\/malunas.raubonys.lt\/mediateka\/\"]}]},{\"@type\":\"BreadcrumbList\",\"@id\":\"https:\/\/malunas.raubonys.lt\/mediateka\/#breadcrumb\",\"itemListElement\":[{\"@type\":\"ListItem\",\"position\":1,\"name\":\"Prad\u017eia\",\"item\":\"https:\/\/malunas.raubonys.lt\/\"},{\"@type\":\"ListItem\",\"position\":2,\"name\":\"Mediateka\"}]},{\"@type\":\"WebSite\",\"@id\":\"https:\/\/malunas.raubonys.lt\/#website\",\"url\":\"https:\/\/malunas.raubonys.lt\/\",\"name\":\"Rauboni\u0173 mal\u016bnas\",\"description\":\"Rauboni\u0173 vandens mal\u016bnas, viln\u0173 kar\u0161ykla-verpykla\",\"publisher\":{\"@id\":\"https:\/\/malunas.raubonys.lt\/#organization\"},\"alternateName\":\"Rauboni\u0173 vandens mal\u016bnas, viln\u0173 kar\u0161ykla-verpykla\",\"potentialAction\":[{\"@type\":\"SearchAction\",\"target\":{\"@type\":\"EntryPoint\",\"urlTemplate\":\"https:\/\/malunas.raubonys.lt\/?s={search_term_string}\"},\"query-input\":{\"@type\":\"PropertyValueSpecification\",\"valueRequired\":true,\"valueName\":\"search_term_string\"}}],\"inLanguage\":\"en-US\"},{\"@type\":\"Organization\",\"@id\":\"https:\/\/malunas.raubonys.lt\/#organization\",\"name\":\"Rauboni\u0173 mal\u016bnas\",\"url\":\"https:\/\/malunas.raubonys.lt\/\",\"logo\":{\"@type\":\"ImageObject\",\"inLanguage\":\"en-US\",\"@id\":\"https:\/\/malunas.raubonys.lt\/#\/schema\/logo\/image\/\",\"url\":\"https:\/\/malunas.raubonys.lt\/wp-content\/uploads\/2023\/10\/Rauboniu-malunas-trafaretas.png\",\"contentUrl\":\"https:\/\/malunas.raubonys.lt\/wp-content\/uploads\/2023\/10\/Rauboniu-malunas-trafaretas.png\",\"width\":601,\"height\":841,\"caption\":\"Rauboni\u0173 mal\u016bnas\"},\"image\":{\"@id\":\"https:\/\/malunas.raubonys.lt\/#\/schema\/logo\/image\/\"},\"sameAs\":[\"https:\/\/www.facebook.com\/profile.php?id=100063611616479\"]}]}<\/script>\n<!-- \/ Yoast SEO plugin. -->","yoast_head_json":{"title":"Mediateka - Rauboni\u0173 mal\u016bnas","robots":{"index":"index","follow":"follow","max-snippet":"max-snippet:-1","max-image-preview":"max-image-preview:large","max-video-preview":"max-video-preview:-1"},"canonical":"https:\/\/malunas.raubonys.lt\/en\/mediateka\/","og_locale":"en_US","og_type":"article","og_title":"Mediateka - Rauboni\u0173 mal\u016bnas","og_description":"Praeitis \u2013 atei\u010diai&#8230; Kontaktai","og_url":"https:\/\/malunas.raubonys.lt\/en\/mediateka\/","og_site_name":"Rauboni\u0173 mal\u016bnas","article_publisher":"https:\/\/www.facebook.com\/profile.php?id=100063611616479","article_modified_time":"2024-10-30T09:33:21+00:00","og_image":[{"width":2160,"height":1439,"url":"https:\/\/malunas.raubonys.lt\/wp-content\/uploads\/2023\/09\/DJI_0289-HDR-Edit-1sumazinta-kokybe.jpg","type":"image\/jpeg"}],"twitter_card":"summary_large_image","twitter_misc":{"Est. reading time":"1 minute"},"schema":{"@context":"https:\/\/schema.org","@graph":[{"@type":"WebPage","@id":"https:\/\/malunas.raubonys.lt\/mediateka\/","url":"https:\/\/malunas.raubonys.lt\/mediateka\/","name":"Mediateka - Rauboni\u0173 mal\u016bnas","isPartOf":{"@id":"https:\/\/malunas.raubonys.lt\/#website"},"datePublished":"2024-10-30T09:29:36+00:00","dateModified":"2024-10-30T09:33:21+00:00","breadcrumb":{"@id":"https:\/\/malunas.raubonys.lt\/mediateka\/#breadcrumb"},"inLanguage":"en-US","potentialAction":[{"@type":"ReadAction","target":["https:\/\/malunas.raubonys.lt\/mediateka\/"]}]},{"@type":"BreadcrumbList","@id":"https:\/\/malunas.raubonys.lt\/mediateka\/#breadcrumb","itemListElement":[{"@type":"ListItem","position":1,"name":"Prad\u017eia","item":"https:\/\/malunas.raubonys.lt\/"},{"@type":"ListItem","position":2,"name":"Mediateka"}]},{"@type":"WebSite","@id":"https:\/\/malunas.raubonys.lt\/#website","url":"https:\/\/malunas.raubonys.lt\/","name":"Rauboni\u0173 mal\u016bnas","description":"Rauboni\u0173 vandens mal\u016bnas, viln\u0173 kar\u0161ykla-verpykla","publisher":{"@id":"https:\/\/malunas.raubonys.lt\/#organization"},"alternateName":"Rauboni\u0173 vandens mal\u016bnas, viln\u0173 kar\u0161ykla-verpykla","potentialAction":[{"@type":"SearchAction","target":{"@type":"EntryPoint","urlTemplate":"https:\/\/malunas.raubonys.lt\/?s={search_term_string}"},"query-input":{"@type":"PropertyValueSpecification","valueRequired":true,"valueName":"search_term_string"}}],"inLanguage":"en-US"},{"@type":"Organization","@id":"https:\/\/malunas.raubonys.lt\/#organization","name":"Rauboni\u0173 mal\u016bnas","url":"https:\/\/malunas.raubonys.lt\/","logo":{"@type":"ImageObject","inLanguage":"en-US","@id":"https:\/\/malunas.raubonys.lt\/#\/schema\/logo\/image\/","url":"https:\/\/malunas.raubonys.lt\/wp-content\/uploads\/2023\/10\/Rauboniu-malunas-trafaretas.png","contentUrl":"https:\/\/malunas.raubonys.lt\/wp-content\/uploads\/2023\/10\/Rauboniu-malunas-trafaretas.png","width":601,"height":841,"caption":"Rauboni\u0173 mal\u016bnas"},"image":{"@id":"https:\/\/malunas.raubonys.lt\/#\/schema\/logo\/image\/"},"sameAs":["https:\/\/www.facebook.com\/profile.php?id=100063611616479"]}]}},"_links":{"self":[{"href":"https:\/\/malunas.raubonys.lt\/en\/wp-json\/wp\/v2\/pages\/21005","targetHints":{"allow":["GET"]}}],"collection":[{"href":"https:\/\/malunas.raubonys.lt\/en\/wp-json\/wp\/v2\/pages"}],"about":[{"href":"https:\/\/malunas.raubonys.lt\/en\/wp-json\/wp\/v2\/types\/page"}],"author":[{"embeddable":true,"href":"https:\/\/malunas.raubonys.lt\/en\/wp-json\/wp\/v2\/users\/1"}],"replies":[{"embeddable":true,"href":"https:\/\/malunas.raubonys.lt\/en\/wp-json\/wp\/v2\/comments?post=21005"}],"version-history":[{"count":4,"href":"https:\/\/malunas.raubonys.lt\/en\/wp-json\/wp\/v2\/pages\/21005\/revisions"}],"predecessor-version":[{"id":21011,"href":"https:\/\/malunas.raubonys.lt\/en\/wp-json\/wp\/v2\/pages\/21005\/revisions\/21011"}],"wp:attachment":[{"href":"https:\/\/malunas.raubonys.lt\/en\/wp-json\/wp\/v2\/media?parent=21005"}],"curies":[{"name":"wp","href":"https:\/\/api.w.org\/{rel}","templated":true}]}}