{"id":20737,"date":"2023-10-02T11:15:11","date_gmt":"2023-10-02T09:15:11","guid":{"rendered":"https:\/\/malunas.raubonys.lt\/?page_id=20737"},"modified":"2023-10-02T11:44:09","modified_gmt":"2023-10-02T09:44:09","slug":"atsiliepimo-forma","status":"publish","type":"page","link":"https:\/\/malunas.raubonys.lt\/en\/atsiliepimo-forma\/","title":{"rendered":"Atsiliepimo forma"},"content":{"rendered":"<div data-elementor-type=\"wp-page\" data-elementor-id=\"20737\" class=\"elementor elementor-20737\">\n\t\t\t\t\t\t<section class=\"elementor-section elementor-top-section elementor-element elementor-element-4da98c7 elementor-section-boxed elementor-section-height-default elementor-section-height-default sc_fly_static\" data-id=\"4da98c7\" data-element_type=\"section\">\n\t\t\t\t\t\t<div class=\"elementor-container elementor-column-gap-extended\">\n\t\t\t\t\t<div class=\"elementor-column elementor-col-100 elementor-top-column elementor-element elementor-element-a1b1da4 sc_content_align_inherit sc_layouts_column_icons_position_left sc_fly_static\" data-id=\"a1b1da4\" data-element_type=\"column\">\n\t\t\t<div class=\"elementor-widget-wrap elementor-element-populated\">\n\t\t\t\t\t\t<div class=\"elementor-element elementor-element-b678765 sc_fly_static elementor-widget elementor-widget-spacer\" data-id=\"b678765\" data-element_type=\"widget\" data-widget_type=\"spacer.default\">\n\t\t\t\t<div class=\"elementor-widget-container\">\n\t\t\t\t\t\t\t<div class=\"elementor-spacer\">\n\t\t\t<div class=\"elementor-spacer-inner\"><\/div>\n\t\t<\/div>\n\t\t\t\t\t\t<\/div>\n\t\t\t\t<\/div>\n\t\t\t\t<section class=\"elementor-section elementor-inner-section elementor-element elementor-element-7023512 elementor-section-boxed elementor-section-height-default elementor-section-height-default sc_fly_static\" data-id=\"7023512\" data-element_type=\"section\">\n\t\t\t\t\t\t<div class=\"elementor-container elementor-column-gap-extended\">\n\t\t\t\t\t<div class=\"elementor-column elementor-col-33 elementor-inner-column elementor-element elementor-element-fcd84a1 sc_content_align_inherit sc_layouts_column_icons_position_left sc_fly_static\" data-id=\"fcd84a1\" data-element_type=\"column\">\n\t\t\t<div class=\"elementor-widget-wrap\">\n\t\t\t\t\t\t\t<\/div>\n\t\t<\/div>\n\t\t\t\t<div class=\"elementor-column elementor-col-33 elementor-inner-column elementor-element elementor-element-cef6a29 sc_content_align_inherit sc_layouts_column_icons_position_left sc_fly_static\" data-id=\"cef6a29\" data-element_type=\"column\">\n\t\t\t<div class=\"elementor-widget-wrap elementor-element-populated\">\n\t\t\t\t\t\t<div class=\"elementor-element elementor-element-58be569 sc_fly_static elementor-widget elementor-widget-trx_sc_contact_form_7\" data-id=\"58be569\" data-element_type=\"widget\" data-widget_type=\"trx_sc_contact_form_7.default\">\n\t\t\t\t<div class=\"elementor-widget-container\">\n\t\t\t\t\t\n<div class=\"wpcf7 no-js\" id=\"wpcf7-f20751-o1\" lang=\"en-US\" dir=\"ltr\" data-wpcf7-id=\"20751\">\n<div class=\"screen-reader-response\"><p role=\"status\" aria-live=\"polite\" aria-atomic=\"true\"><\/p> <ul><\/ul><\/div>\n<form action=\"\/en\/wp-json\/wp\/v2\/pages\/20737#wpcf7-f20751-o1\" method=\"post\" class=\"wpcf7-form init\" aria-label=\"Contact form\" novalidate=\"novalidate\" data-status=\"init\" data-trp-original-action=\"\/en\/wp-json\/wp\/v2\/pages\/20737#wpcf7-f20751-o1\">\n<div style=\"display: none;\">\n<input type=\"hidden\" name=\"_wpcf7\" value=\"20751\" \/>\n<input type=\"hidden\" name=\"_wpcf7_version\" value=\"6.0.6\" \/>\n<input type=\"hidden\" name=\"_wpcf7_locale\" value=\"en_US\" \/>\n<input type=\"hidden\" name=\"_wpcf7_unit_tag\" value=\"wpcf7-f20751-o1\" \/>\n<input type=\"hidden\" name=\"_wpcf7_container_post\" value=\"0\" \/>\n<input type=\"hidden\" name=\"_wpcf7_posted_data_hash\" value=\"\" \/>\n<\/div>\n<div class=\"form-style-5\">\n\t<div class=\"columns_wrap\">\n\t\t<div class=\"column-1_1\">\n\t\t\t<p><span class=\"style-line icon-name\"><span class=\"wpcf7-form-control-wrap\" data-name=\"your-name\"><input size=\"40\" maxlength=\"400\" class=\"wpcf7-form-control wpcf7-text wpcf7-validates-as-required\" aria-required=\"true\" aria-invalid=\"false\" placeholder=\"Name, surname\" value=\"\" type=\"text\" name=\"your-name\" \/><\/span><\/span>\n\t\t\t<\/p>\n\t\t<\/div>\n\t\t<div class=\"column-1_1\">\n\t\t\t<p><span class=\"style-line icon-email\"><span class=\"wpcf7-form-control-wrap\" data-name=\"your-email\"><input size=\"40\" maxlength=\"400\" class=\"wpcf7-form-control wpcf7-email wpcf7-validates-as-required wpcf7-text wpcf7-validates-as-email\" aria-required=\"true\" aria-invalid=\"false\" placeholder=\"Email\" value=\"\" type=\"email\" name=\"your-email\" \/><\/span><\/span>\n\t\t\t<\/p>\n\t\t<\/div>\n\t\t<div class=\"column-1_1\">\n\t\t\t<p><span class=\"style-line icon-textarea\"><span class=\"wpcf7-form-control-wrap\" data-name=\"your-message\"><textarea cols=\"40\" rows=\"10\" maxlength=\"2000\" class=\"wpcf7-form-control wpcf7-textarea wpcf7-validates-as-required\" aria-required=\"true\" aria-invalid=\"false\" placeholder=\"Ra\u0161ykite atsiliepim\u0105...\" name=\"your-message\"><\/textarea><\/span><\/span>\n\t\t\t<\/p>\n\t\t<\/div>\n\t<\/div>\n\t<p><input class=\"wpcf7-form-control wpcf7-submit has-spinner\" type=\"submit\" value=\"Send\" \/>\n\t<\/p>\n<\/div><div class=\"wpcf7-response-output\" aria-hidden=\"true\"><\/div>\n<input type=\"hidden\" name=\"trp-form-language\" value=\"en\"\/><\/form>\n<\/div>\n\t\t\t\t<\/div>\n\t\t\t\t<\/div>\n\t\t\t\t\t<\/div>\n\t\t<\/div>\n\t\t\t\t<div class=\"elementor-column elementor-col-33 elementor-inner-column elementor-element elementor-element-761321d sc_content_align_inherit sc_layouts_column_icons_position_left sc_fly_static\" data-id=\"761321d\" data-element_type=\"column\">\n\t\t\t<div class=\"elementor-widget-wrap\">\n\t\t\t\t\t\t\t<\/div>\n\t\t<\/div>\n\t\t\t\t\t<\/div>\n\t\t<\/section>\n\t\t\t\t\t<\/div>\n\t\t<\/div>\n\t\t\t\t\t<\/div>\n\t\t<\/section>\n\t\t\t\t<section class=\"elementor-section elementor-top-section elementor-element elementor-element-13ae700 elementor-section-boxed elementor-section-height-default elementor-section-height-default sc_fly_static\" data-id=\"13ae700\" data-element_type=\"section\">\n\t\t\t\t\t\t<div class=\"elementor-container elementor-column-gap-extended\">\n\t\t\t\t\t<div class=\"elementor-column elementor-col-100 elementor-top-column elementor-element elementor-element-4f555bc sc_content_align_inherit sc_layouts_column_icons_position_left sc_fly_static\" data-id=\"4f555bc\" data-element_type=\"column\">\n\t\t\t<div class=\"elementor-widget-wrap elementor-element-populated\">\n\t\t\t\t\t\t<div class=\"elementor-element elementor-element-e501700 sc_fly_static elementor-widget elementor-widget-spacer\" data-id=\"e501700\" data-element_type=\"widget\" data-widget_type=\"spacer.default\">\n\t\t\t\t<div class=\"elementor-widget-container\">\n\t\t\t\t\t\t\t<div class=\"elementor-spacer\">\n\t\t\t<div class=\"elementor-spacer-inner\"><\/div>\n\t\t<\/div>\n\t\t\t\t\t\t<\/div>\n\t\t\t\t<\/div>\n\t\t\t\t\t<\/div>\n\t\t<\/div>\n\t\t\t\t\t<\/div>\n\t\t<\/section>\n\t\t\t\t<\/div>","protected":false},"excerpt":{"rendered":"","protected":false},"author":1,"featured_media":0,"parent":0,"menu_order":0,"comment_status":"closed","ping_status":"closed","template":"","meta":{"footnotes":""},"class_list":["post-20737","page","type-page","status-publish","hentry"],"yoast_head":"<!-- This site is optimized with the Yoast SEO plugin v25.3 - https:\/\/yoast.com\/wordpress\/plugins\/seo\/ -->\n<title>Atsiliepimo forma - Rauboni\u0173 mal\u016bnas<\/title>\n<meta name=\"robots\" content=\"index, follow, max-snippet:-1, max-image-preview:large, max-video-preview:-1\" \/>\n<link rel=\"canonical\" href=\"https:\/\/malunas.raubonys.lt\/en\/atsiliepimo-forma\/\" \/>\n<meta property=\"og:locale\" content=\"en_US\" \/>\n<meta property=\"og:type\" content=\"article\" \/>\n<meta property=\"og:title\" content=\"Atsiliepimo forma - Rauboni\u0173 mal\u016bnas\" \/>\n<meta property=\"og:url\" content=\"https:\/\/malunas.raubonys.lt\/en\/atsiliepimo-forma\/\" \/>\n<meta property=\"og:site_name\" content=\"Rauboni\u0173 mal\u016bnas\" \/>\n<meta property=\"article:publisher\" content=\"https:\/\/www.facebook.com\/profile.php?id=100063611616479\" \/>\n<meta property=\"article:modified_time\" content=\"2023-10-02T09:44:09+00:00\" \/>\n<meta property=\"og:image\" content=\"https:\/\/malunas.raubonys.lt\/wp-content\/uploads\/2023\/09\/DJI_0289-HDR-Edit-1sumazinta-kokybe.jpg\" \/>\n\t<meta property=\"og:image:width\" content=\"2160\" \/>\n\t<meta property=\"og:image:height\" content=\"1439\" \/>\n\t<meta property=\"og:image:type\" content=\"image\/jpeg\" \/>\n<meta name=\"twitter:card\" content=\"summary_large_image\" \/>\n<script type=\"application\/ld+json\" class=\"yoast-schema-graph\">{\"@context\":\"https:\/\/schema.org\",\"@graph\":[{\"@type\":\"WebPage\",\"@id\":\"https:\/\/malunas.raubonys.lt\/atsiliepimo-forma\/\",\"url\":\"https:\/\/malunas.raubonys.lt\/atsiliepimo-forma\/\",\"name\":\"Atsiliepimo forma - Rauboni\u0173 mal\u016bnas\",\"isPartOf\":{\"@id\":\"https:\/\/malunas.raubonys.lt\/#website\"},\"datePublished\":\"2023-10-02T09:15:11+00:00\",\"dateModified\":\"2023-10-02T09:44:09+00:00\",\"breadcrumb\":{\"@id\":\"https:\/\/malunas.raubonys.lt\/atsiliepimo-forma\/#breadcrumb\"},\"inLanguage\":\"en-US\",\"potentialAction\":[{\"@type\":\"ReadAction\",\"target\":[\"https:\/\/malunas.raubonys.lt\/atsiliepimo-forma\/\"]}]},{\"@type\":\"BreadcrumbList\",\"@id\":\"https:\/\/malunas.raubonys.lt\/atsiliepimo-forma\/#breadcrumb\",\"itemListElement\":[{\"@type\":\"ListItem\",\"position\":1,\"name\":\"Prad\u017eia\",\"item\":\"https:\/\/malunas.raubonys.lt\/\"},{\"@type\":\"ListItem\",\"position\":2,\"name\":\"Atsiliepimo forma\"}]},{\"@type\":\"WebSite\",\"@id\":\"https:\/\/malunas.raubonys.lt\/#website\",\"url\":\"https:\/\/malunas.raubonys.lt\/\",\"name\":\"Rauboni\u0173 mal\u016bnas\",\"description\":\"Rauboni\u0173 vandens mal\u016bnas, viln\u0173 kar\u0161ykla-verpykla\",\"publisher\":{\"@id\":\"https:\/\/malunas.raubonys.lt\/#organization\"},\"alternateName\":\"Rauboni\u0173 vandens mal\u016bnas, viln\u0173 kar\u0161ykla-verpykla\",\"potentialAction\":[{\"@type\":\"SearchAction\",\"target\":{\"@type\":\"EntryPoint\",\"urlTemplate\":\"https:\/\/malunas.raubonys.lt\/?s={search_term_string}\"},\"query-input\":{\"@type\":\"PropertyValueSpecification\",\"valueRequired\":true,\"valueName\":\"search_term_string\"}}],\"inLanguage\":\"en-US\"},{\"@type\":\"Organization\",\"@id\":\"https:\/\/malunas.raubonys.lt\/#organization\",\"name\":\"Rauboni\u0173 mal\u016bnas\",\"url\":\"https:\/\/malunas.raubonys.lt\/\",\"logo\":{\"@type\":\"ImageObject\",\"inLanguage\":\"en-US\",\"@id\":\"https:\/\/malunas.raubonys.lt\/#\/schema\/logo\/image\/\",\"url\":\"https:\/\/malunas.raubonys.lt\/wp-content\/uploads\/2023\/10\/Rauboniu-malunas-trafaretas.png\",\"contentUrl\":\"https:\/\/malunas.raubonys.lt\/wp-content\/uploads\/2023\/10\/Rauboniu-malunas-trafaretas.png\",\"width\":601,\"height\":841,\"caption\":\"Rauboni\u0173 mal\u016bnas\"},\"image\":{\"@id\":\"https:\/\/malunas.raubonys.lt\/#\/schema\/logo\/image\/\"},\"sameAs\":[\"https:\/\/www.facebook.com\/profile.php?id=100063611616479\"]}]}<\/script>\n<!-- \/ Yoast SEO plugin. -->","yoast_head_json":{"title":"Atsiliepimo forma - Rauboni\u0173 mal\u016bnas","robots":{"index":"index","follow":"follow","max-snippet":"max-snippet:-1","max-image-preview":"max-image-preview:large","max-video-preview":"max-video-preview:-1"},"canonical":"https:\/\/malunas.raubonys.lt\/en\/atsiliepimo-forma\/","og_locale":"en_US","og_type":"article","og_title":"Atsiliepimo forma - Rauboni\u0173 mal\u016bnas","og_url":"https:\/\/malunas.raubonys.lt\/en\/atsiliepimo-forma\/","og_site_name":"Rauboni\u0173 mal\u016bnas","article_publisher":"https:\/\/www.facebook.com\/profile.php?id=100063611616479","article_modified_time":"2023-10-02T09:44:09+00:00","og_image":[{"width":2160,"height":1439,"url":"https:\/\/malunas.raubonys.lt\/wp-content\/uploads\/2023\/09\/DJI_0289-HDR-Edit-1sumazinta-kokybe.jpg","type":"image\/jpeg"}],"twitter_card":"summary_large_image","schema":{"@context":"https:\/\/schema.org","@graph":[{"@type":"WebPage","@id":"https:\/\/malunas.raubonys.lt\/atsiliepimo-forma\/","url":"https:\/\/malunas.raubonys.lt\/atsiliepimo-forma\/","name":"Atsiliepimo forma - Rauboni\u0173 mal\u016bnas","isPartOf":{"@id":"https:\/\/malunas.raubonys.lt\/#website"},"datePublished":"2023-10-02T09:15:11+00:00","dateModified":"2023-10-02T09:44:09+00:00","breadcrumb":{"@id":"https:\/\/malunas.raubonys.lt\/atsiliepimo-forma\/#breadcrumb"},"inLanguage":"en-US","potentialAction":[{"@type":"ReadAction","target":["https:\/\/malunas.raubonys.lt\/atsiliepimo-forma\/"]}]},{"@type":"BreadcrumbList","@id":"https:\/\/malunas.raubonys.lt\/atsiliepimo-forma\/#breadcrumb","itemListElement":[{"@type":"ListItem","position":1,"name":"Prad\u017eia","item":"https:\/\/malunas.raubonys.lt\/"},{"@type":"ListItem","position":2,"name":"Atsiliepimo forma"}]},{"@type":"WebSite","@id":"https:\/\/malunas.raubonys.lt\/#website","url":"https:\/\/malunas.raubonys.lt\/","name":"Rauboni\u0173 mal\u016bnas","description":"Rauboni\u0173 vandens mal\u016bnas, viln\u0173 kar\u0161ykla-verpykla","publisher":{"@id":"https:\/\/malunas.raubonys.lt\/#organization"},"alternateName":"Rauboni\u0173 vandens mal\u016bnas, viln\u0173 kar\u0161ykla-verpykla","potentialAction":[{"@type":"SearchAction","target":{"@type":"EntryPoint","urlTemplate":"https:\/\/malunas.raubonys.lt\/?s={search_term_string}"},"query-input":{"@type":"PropertyValueSpecification","valueRequired":true,"valueName":"search_term_string"}}],"inLanguage":"en-US"},{"@type":"Organization","@id":"https:\/\/malunas.raubonys.lt\/#organization","name":"Rauboni\u0173 mal\u016bnas","url":"https:\/\/malunas.raubonys.lt\/","logo":{"@type":"ImageObject","inLanguage":"en-US","@id":"https:\/\/malunas.raubonys.lt\/#\/schema\/logo\/image\/","url":"https:\/\/malunas.raubonys.lt\/wp-content\/uploads\/2023\/10\/Rauboniu-malunas-trafaretas.png","contentUrl":"https:\/\/malunas.raubonys.lt\/wp-content\/uploads\/2023\/10\/Rauboniu-malunas-trafaretas.png","width":601,"height":841,"caption":"Rauboni\u0173 mal\u016bnas"},"image":{"@id":"https:\/\/malunas.raubonys.lt\/#\/schema\/logo\/image\/"},"sameAs":["https:\/\/www.facebook.com\/profile.php?id=100063611616479"]}]}},"_links":{"self":[{"href":"https:\/\/malunas.raubonys.lt\/en\/wp-json\/wp\/v2\/pages\/20737","targetHints":{"allow":["GET"]}}],"collection":[{"href":"https:\/\/malunas.raubonys.lt\/en\/wp-json\/wp\/v2\/pages"}],"about":[{"href":"https:\/\/malunas.raubonys.lt\/en\/wp-json\/wp\/v2\/types\/page"}],"author":[{"embeddable":true,"href":"https:\/\/malunas.raubonys.lt\/en\/wp-json\/wp\/v2\/users\/1"}],"replies":[{"embeddable":true,"href":"https:\/\/malunas.raubonys.lt\/en\/wp-json\/wp\/v2\/comments?post=20737"}],"version-history":[{"count":8,"href":"https:\/\/malunas.raubonys.lt\/en\/wp-json\/wp\/v2\/pages\/20737\/revisions"}],"predecessor-version":[{"id":20779,"href":"https:\/\/malunas.raubonys.lt\/en\/wp-json\/wp\/v2\/pages\/20737\/revisions\/20779"}],"wp:attachment":[{"href":"https:\/\/malunas.raubonys.lt\/en\/wp-json\/wp\/v2\/media?parent=20737"}],"curies":[{"name":"wp","href":"https:\/\/api.w.org\/{rel}","templated":true}]}}