{"id":20383,"date":"2023-10-01T11:08:06","date_gmt":"2023-10-01T11:08:06","guid":{"rendered":"https:\/\/malunas.raubonys.lt\/?page_id=20383"},"modified":"2023-10-02T11:42:55","modified_gmt":"2023-10-02T09:42:55","slug":"zaidimas","status":"publish","type":"page","link":"https:\/\/malunas.raubonys.lt\/en\/zaidimas\/","title":{"rendered":"Interaktyvus \u017eaidimas &#8211; suraskavi.lt"},"content":{"rendered":"<div data-elementor-type=\"wp-page\" data-elementor-id=\"20383\" class=\"elementor elementor-20383\">\n\t\t\t\t\t\t<section class=\"elementor-section elementor-top-section elementor-element elementor-element-66c21eed elementor-section-stretched elementor-section-full_width elementor-section-content-middle elementor-section-height-default elementor-section-height-default sc_fly_static\" data-id=\"66c21eed\" data-element_type=\"section\" data-settings=\"{&quot;stretch_section&quot;:&quot;section-stretched&quot;,&quot;background_background&quot;:&quot;classic&quot;}\">\n\t\t\t\t\t\t<div class=\"elementor-container elementor-column-gap-default\">\n\t\t\t\t\t<div class=\"elementor-column elementor-col-25 elementor-top-column elementor-element elementor-element-3afeddd5 sc_content_align_inherit sc_layouts_column_icons_position_left sc_fly_static\" data-id=\"3afeddd5\" data-element_type=\"column\" data-settings=\"{&quot;background_background&quot;:&quot;classic&quot;}\">\n\t\t\t<div class=\"elementor-widget-wrap elementor-element-populated\">\n\t\t\t\t\t\t<div class=\"elementor-element elementor-element-94b8fc1 sc_fly_static elementor-widget elementor-widget-image\" data-id=\"94b8fc1\" data-element_type=\"widget\" data-widget_type=\"image.default\">\n\t\t\t\t<div class=\"elementor-widget-container\">\n\t\t\t\t\t\t\t\t\t\t\t\t\t\t\t<img decoding=\"async\" src=\"https:\/\/malunas.raubonys.lt\/wp-content\/uploads\/elementor\/thumbs\/IMG-2447-scaled-qd7w1liy5lfnoa6hlomwrrmdwax4psgq104it9meoo.jpg\" title=\"IMG-2447\" alt=\"IMG-2447\" loading=\"lazy\" \/>\t\t\t\t\t\t\t\t\t\t\t\t\t\t\t<\/div>\n\t\t\t\t<\/div>\n\t\t\t\t\t<\/div>\n\t\t<\/div>\n\t\t\t\t<div class=\"elementor-column elementor-col-50 elementor-top-column elementor-element elementor-element-9c9367d sc_content_align_inherit sc_layouts_column_icons_position_left sc_fly_static\" data-id=\"9c9367d\" data-element_type=\"column\" data-settings=\"{&quot;background_background&quot;:&quot;classic&quot;}\">\n\t\t\t<div class=\"elementor-widget-wrap elementor-element-populated\">\n\t\t\t\t\t\t<div class=\"elementor-element elementor-element-fec64fb sc_fly_static elementor-widget elementor-widget-image\" data-id=\"fec64fb\" data-element_type=\"widget\" data-widget_type=\"image.default\">\n\t\t\t\t<div class=\"elementor-widget-container\">\n\t\t\t\t\t\t\t\t\t\t\t\t\t\t\t<img decoding=\"async\" src=\"https:\/\/malunas.raubonys.lt\/wp-content\/uploads\/elementor\/thumbs\/127633699_116638910261052_9044193785068872614_n-qd7w259k546og3dtef62q4n2de7u7fn33ptpw2t520.jpg\" title=\"127633699_116638910261052_9044193785068872614_n\" alt=\"127633699_116638910261052_9044193785068872614_n\" loading=\"lazy\" \/>\t\t\t\t\t\t\t\t\t\t\t\t\t\t\t<\/div>\n\t\t\t\t<\/div>\n\t\t\t\t\t<\/div>\n\t\t<\/div>\n\t\t\t\t<div class=\"elementor-column elementor-col-25 elementor-top-column elementor-element elementor-element-511251ed sc_inner_width_1_2 sc-mobile_inner_width_none sc-tablet_inner_width_2_3 sc_content_align_inherit sc_layouts_column_icons_position_left sc_fly_static\" data-id=\"511251ed\" data-element_type=\"column\" data-settings=\"{&quot;background_background&quot;:&quot;classic&quot;}\">\n\t\t\t<div class=\"elementor-widget-wrap elementor-element-populated\">\n\t\t\t\t\t\t<div class=\"elementor-element elementor-element-5f0a5d4b sc_fly_static elementor-widget elementor-widget-trx_sc_title\" data-id=\"5f0a5d4b\" data-element_type=\"widget\" data-widget_type=\"trx_sc_title.default\">\n\t\t\t\t<div class=\"elementor-widget-container\">\n\t\t\t\t\t<div\t\tclass=\"sc_title sc_title_default\" ><h1 class=\"sc_item_title sc_title_title sc_item_title_style_default sc_item_title_tag\"\n\t\t\t><span class=\"sc_item_title_text\">Interactive game - suraskavi.lt<\/span><\/h1><\/div>\t\t\t\t<\/div>\n\t\t\t\t<\/div>\n\t\t\t\t<div class=\"elementor-element elementor-element-5daf5cb1 sc_fly_static elementor-widget elementor-widget-spacer\" data-id=\"5daf5cb1\" data-element_type=\"widget\" data-widget_type=\"spacer.default\">\n\t\t\t\t<div class=\"elementor-widget-container\">\n\t\t\t\t\t\t\t<div class=\"elementor-spacer\">\n\t\t\t<div class=\"elementor-spacer-inner\"><\/div>\n\t\t<\/div>\n\t\t\t\t\t\t<\/div>\n\t\t\t\t<\/div>\n\t\t\t\t<div class=\"elementor-element elementor-element-2b7c1f66 sc_height_small sc_layouts_hide_on_tablet sc_layouts_hide_on_mobile sc_fly_static elementor-widget elementor-widget-spacer\" data-id=\"2b7c1f66\" data-element_type=\"widget\" data-widget_type=\"spacer.default\">\n\t\t\t\t<div class=\"elementor-widget-container\">\n\t\t\t\t\t\t\t<div class=\"elementor-spacer\">\n\t\t\t<div class=\"elementor-spacer-inner\"><\/div>\n\t\t<\/div>\n\t\t\t\t\t\t<\/div>\n\t\t\t\t<\/div>\n\t\t\t\t<div class=\"elementor-element elementor-element-8052352 sc_fly_static elementor-widget elementor-widget-trx_sc_button\" data-id=\"8052352\" data-element_type=\"widget\" data-widget_type=\"trx_sc_button.default\">\n\t\t\t\t<div class=\"elementor-widget-container\">\n\t\t\t\t\t<div\tclass=\"sc_item_button sc_button_wrap\" ><a href=\"https:\/\/suraskavi.eu\/\" class=\"sc_button sc_button_default sc_button_size_normal sc_button_icon_left\" target=\"_blank\" ><span class=\"sc_button_text\"><span class=\"sc_button_title\">Play<\/span><\/span><\/a><\/div>\t\t\t\t<\/div>\n\t\t\t\t<\/div>\n\t\t\t\t<div class=\"elementor-element elementor-element-424ac3a2 sc_layouts_hide_on_wide sc_layouts_hide_on_desktop sc_layouts_hide_on_notebook sc_fly_static elementor-widget elementor-widget-spacer\" data-id=\"424ac3a2\" data-element_type=\"widget\" data-widget_type=\"spacer.default\">\n\t\t\t\t<div class=\"elementor-widget-container\">\n\t\t\t\t\t\t\t<div class=\"elementor-spacer\">\n\t\t\t<div class=\"elementor-spacer-inner\"><\/div>\n\t\t<\/div>\n\t\t\t\t\t\t<\/div>\n\t\t\t\t<\/div>\n\t\t\t\t\t<\/div>\n\t\t<\/div>\n\t\t\t\t\t<\/div>\n\t\t<\/section>\n\t\t\t\t<section class=\"elementor-section elementor-top-section elementor-element elementor-element-fbff663 elementor-section-boxed elementor-section-height-default elementor-section-height-default sc_fly_static\" data-id=\"fbff663\" data-element_type=\"section\">\n\t\t\t\t\t\t<div class=\"elementor-container elementor-column-gap-extended\">\n\t\t\t\t\t<div class=\"elementor-column elementor-col-100 elementor-top-column elementor-element elementor-element-9d7b8a2 sc_content_align_inherit sc_layouts_column_icons_position_left sc_fly_static\" data-id=\"9d7b8a2\" data-element_type=\"column\">\n\t\t\t<div class=\"elementor-widget-wrap elementor-element-populated\">\n\t\t\t\t\t\t<div class=\"elementor-element elementor-element-25ad932 sc_fly_static elementor-widget elementor-widget-spacer\" data-id=\"25ad932\" data-element_type=\"widget\" data-widget_type=\"spacer.default\">\n\t\t\t\t<div class=\"elementor-widget-container\">\n\t\t\t\t\t\t\t<div class=\"elementor-spacer\">\n\t\t\t<div class=\"elementor-spacer-inner\"><\/div>\n\t\t<\/div>\n\t\t\t\t\t\t<\/div>\n\t\t\t\t<\/div>\n\t\t\t\t\t<\/div>\n\t\t<\/div>\n\t\t\t\t\t<\/div>\n\t\t<\/section>\n\t\t\t\t<section class=\"elementor-section elementor-top-section elementor-element elementor-element-c32e995 elementor-section-boxed elementor-section-height-default elementor-section-height-default sc_fly_static\" data-id=\"c32e995\" data-element_type=\"section\">\n\t\t\t\t\t\t<div class=\"elementor-container elementor-column-gap-extended\">\n\t\t\t\t\t<div class=\"elementor-column elementor-col-50 elementor-top-column elementor-element elementor-element-8d5ff2f sc_content_align_inherit sc_layouts_column_icons_position_left sc_fly_static\" data-id=\"8d5ff2f\" data-element_type=\"column\">\n\t\t\t<div class=\"elementor-widget-wrap elementor-element-populated\">\n\t\t\t\t\t\t<div class=\"elementor-element elementor-element-7b6014d elementor-widget__width-initial sc_fly_static elementor-widget elementor-widget-text-editor\" data-id=\"7b6014d\" data-element_type=\"widget\" data-widget_type=\"text-editor.default\">\n\t\t\t\t<div class=\"elementor-widget-container\">\n\t\t\t\t\t\t\t\t\t<p>In 2020, the Raubonys Village Community successfully implemented its idea.<br \/><br \/>The community has come up with a modern way of presenting its land. It was decided to create a tourist itinerary with QR codes marking the places of interest. Once scanned with mobile devices, information about the site could be found on the community's website.\u00a0<\/p><p>The Raubonys village community has set up a cognitive route to look for hidden \"sheep\". Each \"sheep\" has a QR code which, when scanned, can be used to find out the history or even the legend of the place. The \"sheep\" was chosen as the symbol of the route not by chance - the village of Rauboniai is famous for its water mill, which is home to a wool carding mill, and the village also organises educational programmes such as \"The Way of the Wool\", \"The Woolen Weave\", \"The Peculiarities of a Woolen Sauna\", and \"The Cooking of Virtieniai\". The playful route is not only fun for those who enjoy leisure tourism, but also for the younger generation, who are particularly interested in rediscovering their own land in an interactive way.<strong>\u00a0<\/strong><\/p>\t\t\t\t\t\t\t\t<\/div>\n\t\t\t\t<\/div>\n\t\t\t\t\t<\/div>\n\t\t<\/div>\n\t\t\t\t<div class=\"elementor-column elementor-col-50 elementor-top-column elementor-element elementor-element-99cf991 sc_content_align_inherit sc_layouts_column_icons_position_left sc_fly_static\" data-id=\"99cf991\" data-element_type=\"column\">\n\t\t\t<div class=\"elementor-widget-wrap elementor-element-populated\">\n\t\t\t\t\t\t<div class=\"elementor-element elementor-element-875631e sc_fly_static elementor-widget elementor-widget-image\" data-id=\"875631e\" data-element_type=\"widget\" data-widget_type=\"image.default\">\n\t\t\t\t<div class=\"elementor-widget-container\">\n\t\t\t\t\t\t\t\t\t\t\t\t\t\t\t<img fetchpriority=\"high\" decoding=\"async\" width=\"2048\" height=\"1832\" src=\"https:\/\/malunas.raubonys.lt\/wp-content\/uploads\/2023\/10\/127786210_117956103462666_988021030679162508_n.jpg\" class=\"attachment-full size-full wp-image-20389\" alt=\"\" srcset=\"https:\/\/malunas.raubonys.lt\/wp-content\/uploads\/2023\/10\/127786210_117956103462666_988021030679162508_n.jpg 2048w, https:\/\/malunas.raubonys.lt\/wp-content\/uploads\/2023\/10\/127786210_117956103462666_988021030679162508_n-300x268.jpg 300w, https:\/\/malunas.raubonys.lt\/wp-content\/uploads\/2023\/10\/127786210_117956103462666_988021030679162508_n-1024x916.jpg 1024w, https:\/\/malunas.raubonys.lt\/wp-content\/uploads\/2023\/10\/127786210_117956103462666_988021030679162508_n-768x687.jpg 768w, https:\/\/malunas.raubonys.lt\/wp-content\/uploads\/2023\/10\/127786210_117956103462666_988021030679162508_n-1536x1374.jpg 1536w, https:\/\/malunas.raubonys.lt\/wp-content\/uploads\/2023\/10\/127786210_117956103462666_988021030679162508_n-370x331.jpg 370w, https:\/\/malunas.raubonys.lt\/wp-content\/uploads\/2023\/10\/127786210_117956103462666_988021030679162508_n-840x751.jpg 840w, https:\/\/malunas.raubonys.lt\/wp-content\/uploads\/2023\/10\/127786210_117956103462666_988021030679162508_n-410x367.jpg 410w\" sizes=\"(max-width: 2048px) 100vw, 2048px\" \/>\t\t\t\t\t\t\t\t\t\t\t\t\t\t\t<\/div>\n\t\t\t\t<\/div>\n\t\t\t\t\t<\/div>\n\t\t<\/div>\n\t\t\t\t\t<\/div>\n\t\t<\/section>\n\t\t\t\t<section class=\"elementor-section elementor-top-section elementor-element elementor-element-72a9200 elementor-section-boxed elementor-section-height-default elementor-section-height-default sc_fly_static\" data-id=\"72a9200\" data-element_type=\"section\">\n\t\t\t\t\t\t<div class=\"elementor-container elementor-column-gap-extended\">\n\t\t\t\t\t<div class=\"elementor-column elementor-col-100 elementor-top-column elementor-element elementor-element-446cb38 sc_content_align_inherit sc_layouts_column_icons_position_left sc_fly_static\" data-id=\"446cb38\" data-element_type=\"column\">\n\t\t\t<div class=\"elementor-widget-wrap elementor-element-populated\">\n\t\t\t\t\t\t<div class=\"elementor-element elementor-element-8243eaa sc_fly_static elementor-widget elementor-widget-spacer\" data-id=\"8243eaa\" data-element_type=\"widget\" data-widget_type=\"spacer.default\">\n\t\t\t\t<div class=\"elementor-widget-container\">\n\t\t\t\t\t\t\t<div class=\"elementor-spacer\">\n\t\t\t<div class=\"elementor-spacer-inner\"><\/div>\n\t\t<\/div>\n\t\t\t\t\t\t<\/div>\n\t\t\t\t<\/div>\n\t\t\t\t<div class=\"elementor-element elementor-element-2957ac2 sc_fly_static elementor-widget elementor-widget-video\" data-id=\"2957ac2\" data-element_type=\"widget\" data-settings=\"{&quot;youtube_url&quot;:&quot;https:\\\/\\\/youtu.be\\\/S1DKzo0pwE0&quot;,&quot;video_type&quot;:&quot;youtube&quot;,&quot;controls&quot;:&quot;yes&quot;}\" data-widget_type=\"video.default\">\n\t\t\t\t<div class=\"elementor-widget-container\">\n\t\t\t\t\t\t\t<div class=\"elementor-wrapper elementor-open-inline\">\n\t\t\t<div class=\"elementor-video\"><\/div>\t\t<\/div>\n\t\t\t\t\t\t<\/div>\n\t\t\t\t<\/div>\n\t\t\t\t\t<\/div>\n\t\t<\/div>\n\t\t\t\t\t<\/div>\n\t\t<\/section>\n\t\t\t\t<\/div>","protected":false},"excerpt":{"rendered":"<p>Interektyvus \u017eaidimas &#8211; suraskavi.lt \u017daisti 2020 metais Rauboni\u0173 kaimo bendruomen\u0117 s\u0117kmingai \u012fgyvendino savo id\u0117j\u0105. Bendruomen\u0117&hellip;<\/p>","protected":false},"author":1,"featured_media":20184,"parent":0,"menu_order":0,"comment_status":"closed","ping_status":"closed","template":"","meta":{"footnotes":""},"class_list":["post-20383","page","type-page","status-publish","has-post-thumbnail","hentry"],"yoast_head":"<!-- This site is optimized with the Yoast SEO plugin v25.3 - https:\/\/yoast.com\/wordpress\/plugins\/seo\/ -->\n<title>Interaktyvus \u017eaidimas - suraskavi.lt - Rauboni\u0173 mal\u016bnas<\/title>\n<meta name=\"description\" content=\"Bendruomen\u0117 suman\u0117 savo kra\u0161t\u0105 pristatyti \u0161iuolaiki\u0161kai. Nuspr\u0119sta sudaryti pa\u017eintin\u012f turistin\u012f mar\u0161rut\u0105, kurio lankytinos vietos b\u016bt\u0173 pa\u017eym\u0117tos QR kodais.\" \/>\n<meta name=\"robots\" content=\"index, follow, max-snippet:-1, max-image-preview:large, max-video-preview:-1\" \/>\n<link rel=\"canonical\" href=\"https:\/\/malunas.raubonys.lt\/en\/zaidimas\/\" \/>\n<meta property=\"og:locale\" content=\"en_US\" \/>\n<meta property=\"og:type\" content=\"article\" \/>\n<meta property=\"og:title\" content=\"Interaktyvus \u017eaidimas - suraskavi.lt - Rauboni\u0173 mal\u016bnas\" \/>\n<meta property=\"og:description\" content=\"Bendruomen\u0117 suman\u0117 savo kra\u0161t\u0105 pristatyti \u0161iuolaiki\u0161kai. Nuspr\u0119sta sudaryti pa\u017eintin\u012f turistin\u012f mar\u0161rut\u0105, kurio lankytinos vietos b\u016bt\u0173 pa\u017eym\u0117tos QR kodais.\" \/>\n<meta property=\"og:url\" content=\"https:\/\/malunas.raubonys.lt\/en\/zaidimas\/\" \/>\n<meta property=\"og:site_name\" content=\"Rauboni\u0173 mal\u016bnas\" \/>\n<meta property=\"article:publisher\" content=\"https:\/\/www.facebook.com\/profile.php?id=100063611616479\" \/>\n<meta property=\"article:modified_time\" content=\"2023-10-02T09:42:55+00:00\" \/>\n<meta property=\"og:image\" content=\"https:\/\/malunas.raubonys.lt\/wp-content\/uploads\/2023\/09\/DSCR_4238-scaled.jpg\" \/>\n\t<meta property=\"og:image:width\" content=\"2560\" \/>\n\t<meta property=\"og:image:height\" content=\"1707\" \/>\n\t<meta property=\"og:image:type\" content=\"image\/jpeg\" \/>\n<meta name=\"twitter:card\" content=\"summary_large_image\" \/>\n<meta name=\"twitter:label1\" content=\"Est. reading time\" \/>\n\t<meta name=\"twitter:data1\" content=\"2 minutes\" \/>\n<script type=\"application\/ld+json\" class=\"yoast-schema-graph\">{\"@context\":\"https:\/\/schema.org\",\"@graph\":[{\"@type\":\"WebPage\",\"@id\":\"https:\/\/malunas.raubonys.lt\/zaidimas\/\",\"url\":\"https:\/\/malunas.raubonys.lt\/zaidimas\/\",\"name\":\"Interaktyvus \u017eaidimas - suraskavi.lt - Rauboni\u0173 mal\u016bnas\",\"isPartOf\":{\"@id\":\"https:\/\/malunas.raubonys.lt\/#website\"},\"primaryImageOfPage\":{\"@id\":\"https:\/\/malunas.raubonys.lt\/zaidimas\/#primaryimage\"},\"image\":{\"@id\":\"https:\/\/malunas.raubonys.lt\/zaidimas\/#primaryimage\"},\"thumbnailUrl\":\"https:\/\/malunas.raubonys.lt\/wp-content\/uploads\/2023\/09\/DSCR_4238-scaled.jpg\",\"datePublished\":\"2023-10-01T11:08:06+00:00\",\"dateModified\":\"2023-10-02T09:42:55+00:00\",\"description\":\"Bendruomen\u0117 suman\u0117 savo kra\u0161t\u0105 pristatyti \u0161iuolaiki\u0161kai. Nuspr\u0119sta sudaryti pa\u017eintin\u012f turistin\u012f mar\u0161rut\u0105, kurio lankytinos vietos b\u016bt\u0173 pa\u017eym\u0117tos QR kodais.\",\"breadcrumb\":{\"@id\":\"https:\/\/malunas.raubonys.lt\/zaidimas\/#breadcrumb\"},\"inLanguage\":\"en-US\",\"potentialAction\":[{\"@type\":\"ReadAction\",\"target\":[\"https:\/\/malunas.raubonys.lt\/zaidimas\/\"]}]},{\"@type\":\"ImageObject\",\"inLanguage\":\"en-US\",\"@id\":\"https:\/\/malunas.raubonys.lt\/zaidimas\/#primaryimage\",\"url\":\"https:\/\/malunas.raubonys.lt\/wp-content\/uploads\/2023\/09\/DSCR_4238-scaled.jpg\",\"contentUrl\":\"https:\/\/malunas.raubonys.lt\/wp-content\/uploads\/2023\/09\/DSCR_4238-scaled.jpg\",\"width\":2560,\"height\":1707},{\"@type\":\"BreadcrumbList\",\"@id\":\"https:\/\/malunas.raubonys.lt\/zaidimas\/#breadcrumb\",\"itemListElement\":[{\"@type\":\"ListItem\",\"position\":1,\"name\":\"Prad\u017eia\",\"item\":\"https:\/\/malunas.raubonys.lt\/\"},{\"@type\":\"ListItem\",\"position\":2,\"name\":\"Interaktyvus \u017eaidimas &#8211; suraskavi.lt\"}]},{\"@type\":\"WebSite\",\"@id\":\"https:\/\/malunas.raubonys.lt\/#website\",\"url\":\"https:\/\/malunas.raubonys.lt\/\",\"name\":\"Rauboni\u0173 mal\u016bnas\",\"description\":\"Rauboni\u0173 vandens mal\u016bnas, viln\u0173 kar\u0161ykla-verpykla\",\"publisher\":{\"@id\":\"https:\/\/malunas.raubonys.lt\/#organization\"},\"alternateName\":\"Rauboni\u0173 vandens mal\u016bnas, viln\u0173 kar\u0161ykla-verpykla\",\"potentialAction\":[{\"@type\":\"SearchAction\",\"target\":{\"@type\":\"EntryPoint\",\"urlTemplate\":\"https:\/\/malunas.raubonys.lt\/?s={search_term_string}\"},\"query-input\":{\"@type\":\"PropertyValueSpecification\",\"valueRequired\":true,\"valueName\":\"search_term_string\"}}],\"inLanguage\":\"en-US\"},{\"@type\":\"Organization\",\"@id\":\"https:\/\/malunas.raubonys.lt\/#organization\",\"name\":\"Rauboni\u0173 mal\u016bnas\",\"url\":\"https:\/\/malunas.raubonys.lt\/\",\"logo\":{\"@type\":\"ImageObject\",\"inLanguage\":\"en-US\",\"@id\":\"https:\/\/malunas.raubonys.lt\/#\/schema\/logo\/image\/\",\"url\":\"https:\/\/malunas.raubonys.lt\/wp-content\/uploads\/2023\/10\/Rauboniu-malunas-trafaretas.png\",\"contentUrl\":\"https:\/\/malunas.raubonys.lt\/wp-content\/uploads\/2023\/10\/Rauboniu-malunas-trafaretas.png\",\"width\":601,\"height\":841,\"caption\":\"Rauboni\u0173 mal\u016bnas\"},\"image\":{\"@id\":\"https:\/\/malunas.raubonys.lt\/#\/schema\/logo\/image\/\"},\"sameAs\":[\"https:\/\/www.facebook.com\/profile.php?id=100063611616479\"]}]}<\/script>\n<!-- \/ Yoast SEO plugin. -->","yoast_head_json":{"title":"Interaktyvus \u017eaidimas - suraskavi.lt - Rauboni\u0173 mal\u016bnas","description":"Bendruomen\u0117 suman\u0117 savo kra\u0161t\u0105 pristatyti \u0161iuolaiki\u0161kai. Nuspr\u0119sta sudaryti pa\u017eintin\u012f turistin\u012f mar\u0161rut\u0105, kurio lankytinos vietos b\u016bt\u0173 pa\u017eym\u0117tos QR kodais.","robots":{"index":"index","follow":"follow","max-snippet":"max-snippet:-1","max-image-preview":"max-image-preview:large","max-video-preview":"max-video-preview:-1"},"canonical":"https:\/\/malunas.raubonys.lt\/en\/zaidimas\/","og_locale":"en_US","og_type":"article","og_title":"Interaktyvus \u017eaidimas - suraskavi.lt - Rauboni\u0173 mal\u016bnas","og_description":"Bendruomen\u0117 suman\u0117 savo kra\u0161t\u0105 pristatyti \u0161iuolaiki\u0161kai. Nuspr\u0119sta sudaryti pa\u017eintin\u012f turistin\u012f mar\u0161rut\u0105, kurio lankytinos vietos b\u016bt\u0173 pa\u017eym\u0117tos QR kodais.","og_url":"https:\/\/malunas.raubonys.lt\/en\/zaidimas\/","og_site_name":"Rauboni\u0173 mal\u016bnas","article_publisher":"https:\/\/www.facebook.com\/profile.php?id=100063611616479","article_modified_time":"2023-10-02T09:42:55+00:00","og_image":[{"width":2560,"height":1707,"url":"https:\/\/malunas.raubonys.lt\/wp-content\/uploads\/2023\/09\/DSCR_4238-scaled.jpg","type":"image\/jpeg"}],"twitter_card":"summary_large_image","twitter_misc":{"Est. reading time":"2 minutes"},"schema":{"@context":"https:\/\/schema.org","@graph":[{"@type":"WebPage","@id":"https:\/\/malunas.raubonys.lt\/zaidimas\/","url":"https:\/\/malunas.raubonys.lt\/zaidimas\/","name":"Interaktyvus \u017eaidimas - suraskavi.lt - Rauboni\u0173 mal\u016bnas","isPartOf":{"@id":"https:\/\/malunas.raubonys.lt\/#website"},"primaryImageOfPage":{"@id":"https:\/\/malunas.raubonys.lt\/zaidimas\/#primaryimage"},"image":{"@id":"https:\/\/malunas.raubonys.lt\/zaidimas\/#primaryimage"},"thumbnailUrl":"https:\/\/malunas.raubonys.lt\/wp-content\/uploads\/2023\/09\/DSCR_4238-scaled.jpg","datePublished":"2023-10-01T11:08:06+00:00","dateModified":"2023-10-02T09:42:55+00:00","description":"Bendruomen\u0117 suman\u0117 savo kra\u0161t\u0105 pristatyti \u0161iuolaiki\u0161kai. Nuspr\u0119sta sudaryti pa\u017eintin\u012f turistin\u012f mar\u0161rut\u0105, kurio lankytinos vietos b\u016bt\u0173 pa\u017eym\u0117tos QR kodais.","breadcrumb":{"@id":"https:\/\/malunas.raubonys.lt\/zaidimas\/#breadcrumb"},"inLanguage":"en-US","potentialAction":[{"@type":"ReadAction","target":["https:\/\/malunas.raubonys.lt\/zaidimas\/"]}]},{"@type":"ImageObject","inLanguage":"en-US","@id":"https:\/\/malunas.raubonys.lt\/zaidimas\/#primaryimage","url":"https:\/\/malunas.raubonys.lt\/wp-content\/uploads\/2023\/09\/DSCR_4238-scaled.jpg","contentUrl":"https:\/\/malunas.raubonys.lt\/wp-content\/uploads\/2023\/09\/DSCR_4238-scaled.jpg","width":2560,"height":1707},{"@type":"BreadcrumbList","@id":"https:\/\/malunas.raubonys.lt\/zaidimas\/#breadcrumb","itemListElement":[{"@type":"ListItem","position":1,"name":"Prad\u017eia","item":"https:\/\/malunas.raubonys.lt\/"},{"@type":"ListItem","position":2,"name":"Interaktyvus \u017eaidimas &#8211; suraskavi.lt"}]},{"@type":"WebSite","@id":"https:\/\/malunas.raubonys.lt\/#website","url":"https:\/\/malunas.raubonys.lt\/","name":"Rauboni\u0173 mal\u016bnas","description":"Rauboni\u0173 vandens mal\u016bnas, viln\u0173 kar\u0161ykla-verpykla","publisher":{"@id":"https:\/\/malunas.raubonys.lt\/#organization"},"alternateName":"Rauboni\u0173 vandens mal\u016bnas, viln\u0173 kar\u0161ykla-verpykla","potentialAction":[{"@type":"SearchAction","target":{"@type":"EntryPoint","urlTemplate":"https:\/\/malunas.raubonys.lt\/?s={search_term_string}"},"query-input":{"@type":"PropertyValueSpecification","valueRequired":true,"valueName":"search_term_string"}}],"inLanguage":"en-US"},{"@type":"Organization","@id":"https:\/\/malunas.raubonys.lt\/#organization","name":"Rauboni\u0173 mal\u016bnas","url":"https:\/\/malunas.raubonys.lt\/","logo":{"@type":"ImageObject","inLanguage":"en-US","@id":"https:\/\/malunas.raubonys.lt\/#\/schema\/logo\/image\/","url":"https:\/\/malunas.raubonys.lt\/wp-content\/uploads\/2023\/10\/Rauboniu-malunas-trafaretas.png","contentUrl":"https:\/\/malunas.raubonys.lt\/wp-content\/uploads\/2023\/10\/Rauboniu-malunas-trafaretas.png","width":601,"height":841,"caption":"Rauboni\u0173 mal\u016bnas"},"image":{"@id":"https:\/\/malunas.raubonys.lt\/#\/schema\/logo\/image\/"},"sameAs":["https:\/\/www.facebook.com\/profile.php?id=100063611616479"]}]}},"_links":{"self":[{"href":"https:\/\/malunas.raubonys.lt\/en\/wp-json\/wp\/v2\/pages\/20383","targetHints":{"allow":["GET"]}}],"collection":[{"href":"https:\/\/malunas.raubonys.lt\/en\/wp-json\/wp\/v2\/pages"}],"about":[{"href":"https:\/\/malunas.raubonys.lt\/en\/wp-json\/wp\/v2\/types\/page"}],"author":[{"embeddable":true,"href":"https:\/\/malunas.raubonys.lt\/en\/wp-json\/wp\/v2\/users\/1"}],"replies":[{"embeddable":true,"href":"https:\/\/malunas.raubonys.lt\/en\/wp-json\/wp\/v2\/comments?post=20383"}],"version-history":[{"count":12,"href":"https:\/\/malunas.raubonys.lt\/en\/wp-json\/wp\/v2\/pages\/20383\/revisions"}],"predecessor-version":[{"id":20778,"href":"https:\/\/malunas.raubonys.lt\/en\/wp-json\/wp\/v2\/pages\/20383\/revisions\/20778"}],"wp:featuredmedia":[{"embeddable":true,"href":"https:\/\/malunas.raubonys.lt\/en\/wp-json\/wp\/v2\/media\/20184"}],"wp:attachment":[{"href":"https:\/\/malunas.raubonys.lt\/en\/wp-json\/wp\/v2\/media?parent=20383"}],"curies":[{"name":"wp","href":"https:\/\/api.w.org\/{rel}","templated":true}]}}